{"id":3772,"date":"2022-09-09T23:34:24","date_gmt":"2022-09-09T23:34:24","guid":{"rendered":"https:\/\/dubrovnik-business-travel.com\/?page_id=3772"},"modified":"2024-11-05T18:56:50","modified_gmt":"2024-11-05T18:56:50","slug":"impressum","status":"publish","type":"page","link":"https:\/\/dubrovnik-business-travel.com\/en\/impressum\/","title":{"rendered":"Impressum"},"content":{"rendered":"<div data-elementor-type=\"wp-page\" data-elementor-id=\"3772\" class=\"elementor elementor-3772\">\n\t\t\t\t\t\t\t\t\t<section class=\"elementor-section elementor-top-section elementor-element elementor-element-e03d22e elementor-section-full_width elementor-section-height-default elementor-section-height-default\" data-id=\"e03d22e\" data-element_type=\"section\" data-settings=\"{&quot;animation&quot;:&quot;none&quot;}\">\n\t\t\t\t\t\t<div class=\"elementor-container elementor-column-gap-default\">\n\t\t\t\t\t<div class=\"elementor-column elementor-col-100 elementor-top-column elementor-element elementor-element-4c0061a1\" data-id=\"4c0061a1\" data-element_type=\"column\">\n\t\t\t<div class=\"elementor-widget-wrap elementor-element-populated\">\n\t\t\t\t\t\t\t\t<section class=\"elementor-section elementor-inner-section elementor-element elementor-element-57c921b9 elementor-section-full_width tf-sticky-section tf-sticky-yes elementor-section-height-default elementor-section-height-default\" data-id=\"57c921b9\" data-element_type=\"section\" data-settings=\"{&quot;background_background&quot;:&quot;classic&quot;,&quot;tf_sticky&quot;:&quot;yes&quot;}\">\n\t\t\t\t\t\t<div class=\"elementor-container elementor-column-gap-default\">\n\t\t\t\t\t<div class=\"elementor-column elementor-col-25 elementor-inner-column elementor-element elementor-element-518d400c\" data-id=\"518d400c\" data-element_type=\"column\">\n\t\t\t<div class=\"elementor-widget-wrap elementor-element-populated\">\n\t\t\t\t\t\t\t\t<div class=\"elementor-element elementor-element-5f1ae394 elementor-widget elementor-widget-image\" data-id=\"5f1ae394\" data-element_type=\"widget\" data-widget_type=\"image.default\">\n\t\t\t\t<div class=\"elementor-widget-container\">\n\t\t\t<style>\/*! elementor - v3.6.6 - 08-06-2022 *\/\n.elementor-widget-image{text-align:center}.elementor-widget-image a{display:inline-block}.elementor-widget-image a img[src$=\".svg\"]{width:48px}.elementor-widget-image img{vertical-align:middle;display:inline-block}<\/style>\t\t\t\t\t\t\t\t\t\t\t\t<img loading=\"lazy\" decoding=\"async\" width=\"250\" height=\"250\" src=\"https:\/\/dubrovnik-business-travel.com\/wp-content\/uploads\/2022\/05\/LOGO_V1.0-copy-4-2.png\" class=\"attachment-full size-full\" alt=\"\" srcset=\"https:\/\/dubrovnik-business-travel.com\/wp-content\/uploads\/2022\/05\/LOGO_V1.0-copy-4-2.png 250w, https:\/\/dubrovnik-business-travel.com\/wp-content\/uploads\/2022\/05\/LOGO_V1.0-copy-4-2-150x150.png 150w\" sizes=\"auto, (max-width: 250px) 100vw, 250px\" \/>\t\t\t\t\t\t\t\t\t\t\t\t\t\t\t<\/div>\n\t\t\t\t<\/div>\n\t\t\t\t\t<\/div>\n\t\t<\/div>\n\t\t\t\t<div class=\"elementor-column elementor-col-50 elementor-inner-column elementor-element elementor-element-292eb104\" data-id=\"292eb104\" data-element_type=\"column\">\n\t\t\t<div class=\"elementor-widget-wrap elementor-element-populated\">\n\t\t\t\t\t\t\t\t<div class=\"elementor-element elementor-element-88d0dca elementor-widget__width-inherit elementor-widget elementor-widget-tf-nav-menu\" data-id=\"88d0dca\" data-element_type=\"widget\" data-widget_type=\"tf-nav-menu.default\">\n\t\t\t\t<div class=\"elementor-widget-container\">\n\t\t\t<div class=\"tf-nav-menu tf-alignment-left horizontal menu-panel-style-left tf_link_effect_underline tf_animation_line_slide dropdown-style1 tf-nav-6a07e13e95a5e\" data-id_random=\"tf-nav-6a07e13e95a5e\">\r\n\t\t\t\t<div class=\"nav-panel mobile-menu-alignment-left\">\r\n\t\t\t\t\t<div class=\"wrap-logo-nav\"><a href=\"https:\/\/dubrovnik-business-travel.com\/en\/\" class=\"logo-nav\"> <img decoding=\"async\" src=\"https:\/\/dubrovnik-business-travel.com\/wp-content\/uploads\/2022\/05\/LOGO_V1.0-copy-4-2.png\" alt=\"\"><\/a><\/div>\r\n\t\t\t\t\t<div class=\"mainnav-mobi\"><div class=\"menu-container tf-menu-container\"><ul id=\"menu-main\" class=\"menu\"><li id=\"menu-item-115\" class=\"menu-item menu-item-type-post_type menu-item-object-page menu-item-home menu-item-115\"><a href=\"https:\/\/dubrovnik-business-travel.com\/en\/\">Homepage<i>+<\/i><\/a><\/li>\n<li id=\"menu-item-209\" class=\"menu-item menu-item-type-post_type menu-item-object-page menu-item-has-children menu-item-209\"><a href=\"https:\/\/dubrovnik-business-travel.com\/en\/business\/\">Business<i>+<\/i><\/a>\n<ul class=\"sub-menu\">\n\t<li id=\"menu-item-974\" class=\"menu-item menu-item-type-post_type menu-item-object-page menu-item-974\"><a href=\"https:\/\/dubrovnik-business-travel.com\/en\/kongrese\/\">Congresses<i>+<\/i><\/a><\/li>\n\t<li id=\"menu-item-973\" class=\"menu-item menu-item-type-post_type menu-item-object-page menu-item-973\"><a href=\"https:\/\/dubrovnik-business-travel.com\/en\/teambuilding\/\">Team building<i>+<\/i><\/a><\/li>\n\t<li id=\"menu-item-972\" class=\"menu-item menu-item-type-post_type menu-item-object-page menu-item-972\"><a href=\"https:\/\/dubrovnik-business-travel.com\/en\/bauprojekte\/\">Construction projects<i>+<\/i><\/a><\/li>\n\t<li id=\"menu-item-976\" class=\"menu-item menu-item-type-post_type menu-item-object-page menu-item-976\"><a href=\"https:\/\/dubrovnik-business-travel.com\/en\/bootsregistrierung\/\">Boat Registration<i>+<\/i><\/a><\/li>\n\t<li id=\"menu-item-1403\" class=\"menu-item menu-item-type-post_type menu-item-object-page menu-item-1403\"><a href=\"https:\/\/dubrovnik-business-travel.com\/en\/kauf-und-verkauf-von-immobilien\/\">Real estate Purchase and Sale<i>+<\/i><\/a><\/li>\n\t<li id=\"menu-item-1408\" class=\"menu-item menu-item-type-post_type menu-item-object-page menu-item-1408\"><a href=\"https:\/\/dubrovnik-business-travel.com\/en\/immobilien\/\">Translation services<i>+<\/i><\/a><\/li>\n<\/ul>\n<\/li>\n<li id=\"menu-item-208\" class=\"menu-item menu-item-type-post_type menu-item-object-page menu-item-has-children menu-item-208\"><a href=\"https:\/\/dubrovnik-business-travel.com\/en\/pleasure\/\">Pleasure<i>+<\/i><\/a>\n<ul class=\"sub-menu\">\n\t<li id=\"menu-item-969\" class=\"menu-item menu-item-type-post_type menu-item-object-page menu-item-969\"><a href=\"https:\/\/dubrovnik-business-travel.com\/en\/luxusferienhauser\/\">Luxury Accommodation<i>+<\/i><\/a><\/li>\n\t<li id=\"menu-item-970\" class=\"menu-item menu-item-type-post_type menu-item-object-page menu-item-970\"><a href=\"https:\/\/dubrovnik-business-travel.com\/en\/jachten-und-segeln\/\">Yachting and Sailing<i>+<\/i><\/a><\/li>\n\t<li id=\"menu-item-968\" class=\"menu-item menu-item-type-post_type menu-item-object-page menu-item-968\"><a href=\"https:\/\/dubrovnik-business-travel.com\/en\/ausfluge\/\">Trips<i>+<\/i><\/a><\/li>\n\t<li id=\"menu-item-971\" class=\"menu-item menu-item-type-post_type menu-item-object-page menu-item-971\"><a href=\"https:\/\/dubrovnik-business-travel.com\/en\/partys\/\">Galadinner &#038; Partys<i>+<\/i><\/a><\/li>\n<\/ul>\n<\/li>\n<li id=\"menu-item-255\" class=\"menu-item menu-item-type-post_type menu-item-object-page menu-item-255\"><a href=\"https:\/\/dubrovnik-business-travel.com\/en\/about-us\/\">About us<i>+<\/i><\/a><\/li>\n<li id=\"menu-item-254\" class=\"menu-item menu-item-type-post_type menu-item-object-page menu-item-254\"><a href=\"https:\/\/dubrovnik-business-travel.com\/en\/contact-us\/\">Contact us<i>+<\/i><\/a><\/li>\n<li id=\"menu-item-3042\" class=\"trp-language-switcher-container menu-item menu-item-type-post_type menu-item-object-language_switcher menu-item-3042\"><a href=\"https:\/\/dubrovnik-business-travel.com\/wp-json\/wp\/v2\/pages\/3772\/\"><span data-no-translation><img loading=\"lazy\" decoding=\"async\" class=\"trp-flag-image\" src=\"https:\/\/dubrovnik-business-travel.com\/wp-content\/plugins\/translatepress-multilingual\/assets\/images\/flags\/de_DE.png\" width=\"18\" height=\"12\" alt=\"de_DE\" title=\"German\"><span class=\"trp-ls-language-name\">DE<\/span><\/span><i>+<\/i><\/a><\/li>\n<\/ul><\/div><\/div>\r\n\t\t\t\t\t<div class=\"wrap-close-menu-panel-style-default\"><button class=\"close-menu-panel-style-default\"><i class=\"fas fa-times\"><\/i><\/button><\/div>\t\t\t\t\t\r\n\t\t\t\t<\/div>\t\t\t\t\r\n\t\t\t\t<div class=\"mainnav nav\"><div class=\"menu-container tf-menu-container\"><ul id=\"menu-main\" class=\"menu\"><li id=\"menu-item-115\" class=\"menu-item menu-item-type-post_type menu-item-object-page menu-item-home menu-item-115\"><a href=\"https:\/\/dubrovnik-business-travel.com\/en\/\">Homepage<i>+<\/i><\/a><\/li>\n<li id=\"menu-item-209\" class=\"menu-item menu-item-type-post_type menu-item-object-page menu-item-has-children menu-item-209\"><a href=\"https:\/\/dubrovnik-business-travel.com\/en\/business\/\">Business<i>+<\/i><\/a>\n<ul class=\"sub-menu\">\n\t<li id=\"menu-item-974\" class=\"menu-item menu-item-type-post_type menu-item-object-page menu-item-974\"><a href=\"https:\/\/dubrovnik-business-travel.com\/en\/kongrese\/\">Congresses<i>+<\/i><\/a><\/li>\n\t<li id=\"menu-item-973\" class=\"menu-item menu-item-type-post_type menu-item-object-page menu-item-973\"><a href=\"https:\/\/dubrovnik-business-travel.com\/en\/teambuilding\/\">Team building<i>+<\/i><\/a><\/li>\n\t<li id=\"menu-item-972\" class=\"menu-item menu-item-type-post_type menu-item-object-page menu-item-972\"><a href=\"https:\/\/dubrovnik-business-travel.com\/en\/bauprojekte\/\">Construction projects<i>+<\/i><\/a><\/li>\n\t<li id=\"menu-item-976\" class=\"menu-item menu-item-type-post_type menu-item-object-page menu-item-976\"><a href=\"https:\/\/dubrovnik-business-travel.com\/en\/bootsregistrierung\/\">Boat Registration<i>+<\/i><\/a><\/li>\n\t<li id=\"menu-item-1403\" class=\"menu-item menu-item-type-post_type menu-item-object-page menu-item-1403\"><a href=\"https:\/\/dubrovnik-business-travel.com\/en\/kauf-und-verkauf-von-immobilien\/\">Real estate Purchase and Sale<i>+<\/i><\/a><\/li>\n\t<li id=\"menu-item-1408\" class=\"menu-item menu-item-type-post_type menu-item-object-page menu-item-1408\"><a href=\"https:\/\/dubrovnik-business-travel.com\/en\/immobilien\/\">Translation services<i>+<\/i><\/a><\/li>\n<\/ul>\n<\/li>\n<li id=\"menu-item-208\" class=\"menu-item menu-item-type-post_type menu-item-object-page menu-item-has-children menu-item-208\"><a href=\"https:\/\/dubrovnik-business-travel.com\/en\/pleasure\/\">Pleasure<i>+<\/i><\/a>\n<ul class=\"sub-menu\">\n\t<li id=\"menu-item-969\" class=\"menu-item menu-item-type-post_type menu-item-object-page menu-item-969\"><a href=\"https:\/\/dubrovnik-business-travel.com\/en\/luxusferienhauser\/\">Luxury Accommodation<i>+<\/i><\/a><\/li>\n\t<li id=\"menu-item-970\" class=\"menu-item menu-item-type-post_type menu-item-object-page menu-item-970\"><a href=\"https:\/\/dubrovnik-business-travel.com\/en\/jachten-und-segeln\/\">Yachting and Sailing<i>+<\/i><\/a><\/li>\n\t<li id=\"menu-item-968\" class=\"menu-item menu-item-type-post_type menu-item-object-page menu-item-968\"><a href=\"https:\/\/dubrovnik-business-travel.com\/en\/ausfluge\/\">Trips<i>+<\/i><\/a><\/li>\n\t<li id=\"menu-item-971\" class=\"menu-item menu-item-type-post_type menu-item-object-page menu-item-971\"><a href=\"https:\/\/dubrovnik-business-travel.com\/en\/partys\/\">Galadinner &#038; Partys<i>+<\/i><\/a><\/li>\n<\/ul>\n<\/li>\n<li id=\"menu-item-255\" class=\"menu-item menu-item-type-post_type menu-item-object-page menu-item-255\"><a href=\"https:\/\/dubrovnik-business-travel.com\/en\/about-us\/\">About us<i>+<\/i><\/a><\/li>\n<li id=\"menu-item-254\" class=\"menu-item menu-item-type-post_type menu-item-object-page menu-item-254\"><a href=\"https:\/\/dubrovnik-business-travel.com\/en\/contact-us\/\">Contact us<i>+<\/i><\/a><\/li>\n<li id=\"menu-item-3042\" class=\"trp-language-switcher-container menu-item menu-item-type-post_type menu-item-object-language_switcher menu-item-3042\"><a href=\"https:\/\/dubrovnik-business-travel.com\/wp-json\/wp\/v2\/pages\/3772\/\"><span data-no-translation><img loading=\"lazy\" decoding=\"async\" class=\"trp-flag-image\" src=\"https:\/\/dubrovnik-business-travel.com\/wp-content\/plugins\/translatepress-multilingual\/assets\/images\/flags\/de_DE.png\" width=\"18\" height=\"12\" alt=\"de_DE\" title=\"German\"><span class=\"trp-ls-language-name\">DE<\/span><\/span><i>+<\/i><\/a><\/li>\n<\/ul><\/div><\/div>\r\n\t\t\t\t<div class=\"mobile-menu-overlay\"><\/div>\r\n\t\t\t\t<button class=\"tf-close\"><i class=\"fas fa-times\"><\/i><\/button>\r\n\t\t\t\t<button class=\"btn-menu-mobile\">\r\n\t\t\t\t\t<span class=\"open-icon\"><i class=\"fas fa-bars\"><\/i><\/span>\r\n\t\t\t\t<\/button>\r\n\t\t\t\t<button class=\"btn-menu-only\">\r\n\t\t\t\t\t<span class=\"open-icon\"><i class=\"fas fa-bars\"><\/i><\/span>\r\n\t\t\t\t<\/button>\r\n\t\t\t<\/div>\t\t<\/div>\n\t\t\t\t<\/div>\n\t\t\t\t\t<\/div>\n\t\t<\/div>\n\t\t\t\t<div class=\"elementor-column elementor-col-25 elementor-inner-column elementor-element elementor-element-256f13b2 elementor-hidden-tablet elementor-hidden-mobile\" data-id=\"256f13b2\" data-element_type=\"column\">\n\t\t\t<div class=\"elementor-widget-wrap elementor-element-populated\">\n\t\t\t\t\t\t\t\t<div class=\"elementor-element elementor-element-1cb69b03 elementor-position-left elementor-widget__width-auto elementor-hidden-mobile elementor-vertical-align-top elementor-widget elementor-widget-image-box\" data-id=\"1cb69b03\" data-element_type=\"widget\" data-widget_type=\"image-box.default\">\n\t\t\t\t<div class=\"elementor-widget-container\">\n\t\t\t<style>\/*! elementor - v3.6.6 - 08-06-2022 *\/\n.elementor-widget-image-box .elementor-image-box-content{width:100%}@media (min-width:768px){.elementor-widget-image-box.elementor-position-left .elementor-image-box-wrapper,.elementor-widget-image-box.elementor-position-right .elementor-image-box-wrapper{display:-webkit-box;display:-ms-flexbox;display:flex}.elementor-widget-image-box.elementor-position-right .elementor-image-box-wrapper{text-align:right;-webkit-box-orient:horizontal;-webkit-box-direction:reverse;-ms-flex-direction:row-reverse;flex-direction:row-reverse}.elementor-widget-image-box.elementor-position-left .elementor-image-box-wrapper{text-align:left;-webkit-box-orient:horizontal;-webkit-box-direction:normal;-ms-flex-direction:row;flex-direction:row}.elementor-widget-image-box.elementor-position-top .elementor-image-box-img{margin:auto}.elementor-widget-image-box.elementor-vertical-align-top .elementor-image-box-wrapper{-webkit-box-align:start;-ms-flex-align:start;align-items:flex-start}.elementor-widget-image-box.elementor-vertical-align-middle .elementor-image-box-wrapper{-webkit-box-align:center;-ms-flex-align:center;align-items:center}.elementor-widget-image-box.elementor-vertical-align-bottom .elementor-image-box-wrapper{-webkit-box-align:end;-ms-flex-align:end;align-items:flex-end}}@media (max-width:767px){.elementor-widget-image-box .elementor-image-box-img{margin-left:auto!important;margin-right:auto!important;margin-bottom:15px}}.elementor-widget-image-box .elementor-image-box-img{display:inline-block}.elementor-widget-image-box .elementor-image-box-title a{color:inherit}.elementor-widget-image-box .elementor-image-box-wrapper{text-align:center}.elementor-widget-image-box .elementor-image-box-description{margin:0}<\/style><div class=\"elementor-image-box-wrapper\"><figure class=\"elementor-image-box-img\"><img loading=\"lazy\" decoding=\"async\" width=\"46\" height=\"46\" src=\"https:\/\/dubrovnik-business-travel.com\/wp-content\/uploads\/2022\/04\/phone.png\" class=\"attachment-full size-full\" alt=\"\" \/><\/figure><div class=\"elementor-image-box-content\"><h3 class=\"elementor-image-box-title\">Call Now<\/h3><p class=\"elementor-image-box-description\">+49 177 6019031<br><\/p><\/div><\/div>\t\t<\/div>\n\t\t\t\t<\/div>\n\t\t\t\t\t<\/div>\n\t\t<\/div>\n\t\t\t\t\t\t\t<\/div>\n\t\t<\/section>\n\t\t\t\t\t<\/div>\n\t\t<\/div>\n\t\t\t\t\t\t\t<\/div>\n\t\t<\/section>\n\t\t\t\t<section class=\"elementor-section elementor-top-section elementor-element elementor-element-cc9f144 elementor-section-boxed elementor-section-height-default elementor-section-height-default tf-sticky-section tf-sticky-no\" data-id=\"cc9f144\" data-element_type=\"section\" data-settings=\"{&quot;tf_sticky&quot;:&quot;no&quot;}\">\n\t\t\t\t\t\t<div class=\"elementor-container elementor-column-gap-default\">\n\t\t\t\t\t<div class=\"elementor-column elementor-col-100 elementor-top-column elementor-element elementor-element-8838182\" data-id=\"8838182\" data-element_type=\"column\">\n\t\t\t<div class=\"elementor-widget-wrap elementor-element-populated\">\n\t\t\t\t\t\t\t\t<div class=\"elementor-element elementor-element-ff4b235 elementor-widget elementor-widget-spacer\" data-id=\"ff4b235\" data-element_type=\"widget\" data-widget_type=\"spacer.default\">\n\t\t\t\t<div class=\"elementor-widget-container\">\n\t\t\t<style>\/*! elementor - v3.6.6 - 08-06-2022 *\/\n.e-container.e-container--row .elementor-spacer-inner{width:var(--spacer-size)}.e-container.e-container--column .elementor-spacer-inner,.elementor-column .elementor-spacer-inner{height:var(--spacer-size)}<\/style>\t\t<div class=\"elementor-spacer\">\n\t\t\t<div class=\"elementor-spacer-inner\"><\/div>\n\t\t<\/div>\n\t\t\t\t<\/div>\n\t\t\t\t<\/div>\n\t\t\t\t\t<\/div>\n\t\t<\/div>\n\t\t\t\t\t\t\t<\/div>\n\t\t<\/section>\n\t\t\t\t<section class=\"elementor-section elementor-top-section elementor-element elementor-element-b2f50b9 elementor-section-boxed elementor-section-height-default elementor-section-height-default tf-sticky-section tf-sticky-no\" data-id=\"b2f50b9\" data-element_type=\"section\" data-settings=\"{&quot;tf_sticky&quot;:&quot;no&quot;}\">\n\t\t\t\t\t\t<div class=\"elementor-container elementor-column-gap-default\">\n\t\t\t\t\t<div class=\"elementor-column elementor-col-100 elementor-top-column elementor-element elementor-element-cecb9b2\" data-id=\"cecb9b2\" data-element_type=\"column\">\n\t\t\t<div class=\"elementor-widget-wrap elementor-element-populated\">\n\t\t\t\t\t\t\t\t<div class=\"elementor-element elementor-element-b2cc943 elementor-widget elementor-widget-text-editor\" data-id=\"b2cc943\" data-element_type=\"widget\" data-widget_type=\"text-editor.default\">\n\t\t\t\t<div class=\"elementor-widget-container\">\n\t\t\t<style>\/*! elementor - v3.6.6 - 08-06-2022 *\/\n.elementor-widget-text-editor.elementor-drop-cap-view-stacked .elementor-drop-cap{background-color:#818a91;color:#fff}.elementor-widget-text-editor.elementor-drop-cap-view-framed .elementor-drop-cap{color:#818a91;border:3px solid;background-color:transparent}.elementor-widget-text-editor:not(.elementor-drop-cap-view-default) .elementor-drop-cap{margin-top:8px}.elementor-widget-text-editor:not(.elementor-drop-cap-view-default) .elementor-drop-cap-letter{width:1em;height:1em}.elementor-widget-text-editor .elementor-drop-cap{float:left;text-align:center;line-height:1;font-size:50px}.elementor-widget-text-editor .elementor-drop-cap-letter{display:inline-block}<\/style>\t\t\t\t<p><strong>Impressum<\/strong><\/p><p>Dubrovnik Business Travel<\/p><p>Tronstr 3,<\/p><p>64546 M\u00f6rfelden-Walldorf<\/p><p>Germany<\/p><p><b>Contact:<\/b><br \/>Telephone: + 49 177 6019031<br \/>E-Mail : info@dubrovnik-business-travel.com<\/p><p><strong>Represented by:<\/strong><br \/>Mr Juliano Ament<\/p><p><b>Tax number:<br \/><\/b>014 231 96401<\/p><p><b>Register entry:<\/b><br \/>Eintragung im Handelsregister: 31.10.2024<br \/>Registergericht: Amtsgericht: Darmstadt\u00a0<br \/>Registernummer: HRB 107054<\/p><p><strong>Internet address<\/strong><br \/>https:\/\/dubrovnik-business-travel.com<\/p>\t\t\t\t\t\t<\/div>\n\t\t\t\t<\/div>\n\t\t\t\t\t<\/div>\n\t\t<\/div>\n\t\t\t\t\t\t\t<\/div>\n\t\t<\/section>\n\t\t\t\t\t\t\t<\/div>","protected":false},"excerpt":{"rendered":"<p>Homepage+ Business+ Kongresse+ Teambuilding+ Bauprojekte+ Bootsregistrierung+ Kauf und Verkauf von Immobilien+ \u00dcbersetzungsdienstleistungen+ Pleasure+ Luxusferienh\u00e4user+ Jachten und Segeln+ Ausfl\u00fcge+ Galadinner &#038; Partys+ About us+ Contact us+ EN+ Homepage+ Business+ Kongresse+ Teambuilding+ Bauprojekte+ Bootsregistrierung+ Kauf und Verkauf von Immobilien+ \u00dcbersetzungsdienstleistungen+ Pleasure+ Luxusferienh\u00e4user+ Jachten und Segeln+ Ausfl\u00fcge+ Galadinner &#038; Partys+ About us+ Contact us+ EN+ Call Now +49 [&hellip;]<\/p>","protected":false},"author":1,"featured_media":0,"parent":0,"menu_order":0,"comment_status":"closed","ping_status":"closed","template":"","meta":{"footnotes":""},"class_list":["post-3772","page","type-page","status-publish","hentry"],"_links":{"self":[{"href":"https:\/\/dubrovnik-business-travel.com\/en\/wp-json\/wp\/v2\/pages\/3772","targetHints":{"allow":["GET"]}}],"collection":[{"href":"https:\/\/dubrovnik-business-travel.com\/en\/wp-json\/wp\/v2\/pages"}],"about":[{"href":"https:\/\/dubrovnik-business-travel.com\/en\/wp-json\/wp\/v2\/types\/page"}],"author":[{"embeddable":true,"href":"https:\/\/dubrovnik-business-travel.com\/en\/wp-json\/wp\/v2\/users\/1"}],"replies":[{"embeddable":true,"href":"https:\/\/dubrovnik-business-travel.com\/en\/wp-json\/wp\/v2\/comments?post=3772"}],"version-history":[{"count":31,"href":"https:\/\/dubrovnik-business-travel.com\/en\/wp-json\/wp\/v2\/pages\/3772\/revisions"}],"predecessor-version":[{"id":6084,"href":"https:\/\/dubrovnik-business-travel.com\/en\/wp-json\/wp\/v2\/pages\/3772\/revisions\/6084"}],"wp:attachment":[{"href":"https:\/\/dubrovnik-business-travel.com\/en\/wp-json\/wp\/v2\/media?parent=3772"}],"curies":[{"name":"wp","href":"https:\/\/api.w.org\/{rel}","templated":true}]}}